{"id":361,"date":"2017-08-29T11:14:28","date_gmt":"2017-08-29T11:14:28","guid":{"rendered":"http:\/\/besthouse.ee\/meist\/"},"modified":"2024-05-30T14:25:57","modified_gmt":"2024-05-30T14:25:57","slug":"meist","status":"publish","type":"page","link":"https:\/\/besthouse.ee\/en\/meist\/","title":{"rendered":"Meist"},"content":{"rendered":"<h3>Meie pakume kaitset soovimatute putukate akendest ja ustest sissetungi eest.<\/h3>\n<p><strong>Neher on Saksamaa tuntuim putukav\u00f5rkude tootja. Meie tooted on j\u00e4rgmised:<\/strong><\/p>\n<ul>\n<li>v\u00e4ga \u00f5huke, kuid seejuures\u00a0 hea rebenemiskindlusega Transpatec putukav\u00f5rk, millel on v\u00f5rreldes konkurentidega kuni 140% suurem \u00f5hul\u00e4bilaskvus;<\/li>\n<li>allergikutele soovitatud ECARE kvaliteedim\u00e4rgiga Polltec \u00f5ietolmuv\u00f5rk, mis hoiab kinni 99% murutaimede ja kase \u00f5ietolmust, tagades samas parema \u00f5hul\u00e4bilaskvuse;<\/li>\n<li>elektromagnetkiirguse v\u00e4hendamiseks roostevabast terasest kattekihiga E-smog v\u00f5rk, mis tagab hea l\u00e4bipaistvuse t\u00e4nu v\u00f5rgu peenele l\u00f5ngale.<\/li>\n<\/ul>\n<p>Meie ajatu disainiga putukav\u00f5rkude tootmisel on arvestatud\u00a0 tarbija erinevate vajadustega. V\u00f5rke\u00a0 on <strong><span style=\"color: #71bf44;\">lihtne paigaldada<\/span><\/strong> ja<strong><span style=\"color: #71bf44;\"> mugav kasutada<\/span><\/strong>.<\/p>\n<p>T\u00e4nu neile omadustele paistavad aknad ja uksed h\u00e4sti l\u00e4bi ka peale putukav\u00f5rgu paigaldust ning hoonete v\u00e4lisilme s\u00e4ilib muutumatuna. Tagatud on hea ilmastikukindlus ning pikaealisus. K\u00f5iki putukav\u00f5rke on v\u00f5imalik paigaldada akendele ja ustele sobivatesse raamidesse, ruloodesse, l\u00fckandukseraamidesse.<\/p>\n","protected":false},"excerpt":{"rendered":"<p>Meie pakume kaitset soovimatute putukate akendest ja ustest sissetungi eest. Neher on Saksamaa tuntuim putukav\u00f5rkude tootja. Meie tooted on j\u00e4rgmised:&#8230;<\/p>\n","protected":false},"author":1,"featured_media":0,"parent":0,"menu_order":30,"comment_status":"closed","ping_status":"closed","template":"","meta":{"_acf_changed":false,"footnotes":""},"class_list":["post-361","page","type-page","status-publish","hentry"],"acf":[],"yoast_head":"<!-- This site is optimized with the Yoast SEO plugin v27.5 - https:\/\/yoast.com\/product\/yoast-seo-wordpress\/ -->\n<title>Meist - Besthouse<\/title>\n<meta name=\"robots\" content=\"index, follow, max-snippet:-1, max-image-preview:large, max-video-preview:-1\" \/>\n<link rel=\"canonical\" href=\"https:\/\/besthouse.ee\/meist\/\" \/>\n<meta property=\"og:locale\" content=\"en_US\" \/>\n<meta property=\"og:type\" content=\"article\" \/>\n<meta property=\"og:title\" content=\"Meist - Besthouse\" \/>\n<meta property=\"og:description\" content=\"Meie pakume kaitset soovimatute putukate akendest ja ustest sissetungi eest. Neher on Saksamaa tuntuim putukav\u00f5rkude tootja. Meie tooted on j\u00e4rgmised:...\" \/>\n<meta property=\"og:url\" content=\"https:\/\/besthouse.ee\/meist\/\" \/>\n<meta property=\"og:site_name\" content=\"Besthouse\" \/>\n<meta property=\"article:modified_time\" content=\"2024-05-30T14:25:57+00:00\" \/>\n<meta name=\"twitter:card\" content=\"summary_large_image\" \/>\n<meta name=\"twitter:label1\" content=\"Est. reading time\" \/>\n\t<meta name=\"twitter:data1\" content=\"1 minute\" \/>\n<script type=\"application\/ld+json\" class=\"yoast-schema-graph\">{\"@context\":\"https:\\\/\\\/schema.org\",\"@graph\":[{\"@type\":\"WebPage\",\"@id\":\"https:\\\/\\\/besthouse.ee\\\/meist\\\/\",\"url\":\"https:\\\/\\\/besthouse.ee\\\/meist\\\/\",\"name\":\"Meist - Besthouse\",\"isPartOf\":{\"@id\":\"https:\\\/\\\/besthouse.ee\\\/#website\"},\"datePublished\":\"2017-08-29T11:14:28+00:00\",\"dateModified\":\"2024-05-30T14:25:57+00:00\",\"breadcrumb\":{\"@id\":\"https:\\\/\\\/besthouse.ee\\\/meist\\\/#breadcrumb\"},\"inLanguage\":\"en-US\",\"potentialAction\":[{\"@type\":\"ReadAction\",\"target\":[\"https:\\\/\\\/besthouse.ee\\\/meist\\\/\"]}]},{\"@type\":\"BreadcrumbList\",\"@id\":\"https:\\\/\\\/besthouse.ee\\\/meist\\\/#breadcrumb\",\"itemListElement\":[{\"@type\":\"ListItem\",\"position\":1,\"name\":\"Home\",\"item\":\"https:\\\/\\\/besthouse.ee\\\/\"},{\"@type\":\"ListItem\",\"position\":2,\"name\":\"Meist\"}]},{\"@type\":\"WebSite\",\"@id\":\"https:\\\/\\\/besthouse.ee\\\/#website\",\"url\":\"https:\\\/\\\/besthouse.ee\\\/\",\"name\":\"Besthouse\",\"description\":\"Putukav&otilde;rgud akendele, putukav&otilde;rgud katuseakendele, putukav&otilde;rgud ustele\",\"potentialAction\":[{\"@type\":\"SearchAction\",\"target\":{\"@type\":\"EntryPoint\",\"urlTemplate\":\"https:\\\/\\\/besthouse.ee\\\/?s={search_term_string}\"},\"query-input\":{\"@type\":\"PropertyValueSpecification\",\"valueRequired\":true,\"valueName\":\"search_term_string\"}}],\"inLanguage\":\"en-US\"}]}<\/script>\n<!-- \/ Yoast SEO plugin. -->","yoast_head_json":{"title":"Meist - Besthouse","robots":{"index":"index","follow":"follow","max-snippet":"max-snippet:-1","max-image-preview":"max-image-preview:large","max-video-preview":"max-video-preview:-1"},"canonical":"https:\/\/besthouse.ee\/meist\/","og_locale":"en_US","og_type":"article","og_title":"Meist - Besthouse","og_description":"Meie pakume kaitset soovimatute putukate akendest ja ustest sissetungi eest. Neher on Saksamaa tuntuim putukav\u00f5rkude tootja. Meie tooted on j\u00e4rgmised:...","og_url":"https:\/\/besthouse.ee\/meist\/","og_site_name":"Besthouse","article_modified_time":"2024-05-30T14:25:57+00:00","twitter_card":"summary_large_image","twitter_misc":{"Est. reading time":"1 minute"},"schema":{"@context":"https:\/\/schema.org","@graph":[{"@type":"WebPage","@id":"https:\/\/besthouse.ee\/meist\/","url":"https:\/\/besthouse.ee\/meist\/","name":"Meist - Besthouse","isPartOf":{"@id":"https:\/\/besthouse.ee\/#website"},"datePublished":"2017-08-29T11:14:28+00:00","dateModified":"2024-05-30T14:25:57+00:00","breadcrumb":{"@id":"https:\/\/besthouse.ee\/meist\/#breadcrumb"},"inLanguage":"en-US","potentialAction":[{"@type":"ReadAction","target":["https:\/\/besthouse.ee\/meist\/"]}]},{"@type":"BreadcrumbList","@id":"https:\/\/besthouse.ee\/meist\/#breadcrumb","itemListElement":[{"@type":"ListItem","position":1,"name":"Home","item":"https:\/\/besthouse.ee\/"},{"@type":"ListItem","position":2,"name":"Meist"}]},{"@type":"WebSite","@id":"https:\/\/besthouse.ee\/#website","url":"https:\/\/besthouse.ee\/","name":"Besthouse","description":"Putukav&otilde;rgud akendele, putukav&otilde;rgud katuseakendele, putukav&otilde;rgud ustele","potentialAction":[{"@type":"SearchAction","target":{"@type":"EntryPoint","urlTemplate":"https:\/\/besthouse.ee\/?s={search_term_string}"},"query-input":{"@type":"PropertyValueSpecification","valueRequired":true,"valueName":"search_term_string"}}],"inLanguage":"en-US"}]}},"_links":{"self":[{"href":"https:\/\/besthouse.ee\/en\/wp-json\/wp\/v2\/pages\/361","targetHints":{"allow":["GET"]}}],"collection":[{"href":"https:\/\/besthouse.ee\/en\/wp-json\/wp\/v2\/pages"}],"about":[{"href":"https:\/\/besthouse.ee\/en\/wp-json\/wp\/v2\/types\/page"}],"author":[{"embeddable":true,"href":"https:\/\/besthouse.ee\/en\/wp-json\/wp\/v2\/users\/1"}],"replies":[{"embeddable":true,"href":"https:\/\/besthouse.ee\/en\/wp-json\/wp\/v2\/comments?post=361"}],"version-history":[{"count":2,"href":"https:\/\/besthouse.ee\/en\/wp-json\/wp\/v2\/pages\/361\/revisions"}],"predecessor-version":[{"id":567,"href":"https:\/\/besthouse.ee\/en\/wp-json\/wp\/v2\/pages\/361\/revisions\/567"}],"wp:attachment":[{"href":"https:\/\/besthouse.ee\/en\/wp-json\/wp\/v2\/media?parent=361"}],"curies":[{"name":"wp","href":"https:\/\/api.w.org\/{rel}","templated":true}]}}